{"id":451,"date":"2020-10-09T07:08:19","date_gmt":"2020-10-09T07:08:19","guid":{"rendered":"https:\/\/rmctank.testowy.bialystok.pl\/priekabos\/"},"modified":"2024-06-04T12:39:43","modified_gmt":"2024-06-04T12:39:43","slug":"priekabos","status":"publish","type":"page","link":"https:\/\/rmctank.com\/lt\/priekabos\/","title":{"rendered":"PRIEKABOS"},"content":{"rendered":"<div class=\"su-row\">\n<div class=\"su-column su-column-size-1-3\"><div class=\"su-column-inner su-u-clearfix su-u-trim\">\n<div style=\"padding-left: 20px; border-left: solid 50px #cd363d; margin-bottom: 25px;\">Taip pat si\u016blome specializuot\u0173 tank konteineri\u0173 puspriekabi\u0173, skirt\u0173 20\u2032 ir 30\u2032 tank konteineriams gabenti, nuom\u0105, taip pat puikiai tinka SWAP ir ISO tank. Tai \u017einom\u0173 \u012fmoni\u0173 puspriekab\u0117s, turin\u010dios ma\u017e\u0105 savo svor\u012f, su vamzdeliais \u017earnoms ir pritaikytos ADR pavojingiems produktams ve\u017eti.<\/div>\n<p><a href=\"https:\/\/rmctank.com\/lt\/kontaktas\/\" class=\"szary-button\">TEIRAUKIT\u0116S PASI\u016aLYMO<\/a><\/div><\/div>\n  <div class=\"su-column su-column-size-1-3\"><div class=\"su-column-inner su-u-clearfix su-u-trim\"><img loading=\"lazy\" decoding=\"async\" width=\"1200\" height=\"800\" src=\"https:\/\/rmctank.com\/wp-content\/uploads\/2023\/01\/rmc-tank-wynajem-kontenerow-naczepy-pod-tank-kontenery-012.webp\" alt=\"RMC TANK - Tank konteineri\u0173 priekab\u0173 nuoma\" class=\"alignnone size-full wp-image-209\" srcset=\"https:\/\/rmctank.com\/wp-content\/uploads\/2023\/01\/rmc-tank-wynajem-kontenerow-naczepy-pod-tank-kontenery-012.webp 1200w, https:\/\/rmctank.com\/wp-content\/uploads\/2023\/01\/rmc-tank-wynajem-kontenerow-naczepy-pod-tank-kontenery-012-300x200.webp 300w, https:\/\/rmctank.com\/wp-content\/uploads\/2023\/01\/rmc-tank-wynajem-kontenerow-naczepy-pod-tank-kontenery-012-1024x683.webp 1024w, https:\/\/rmctank.com\/wp-content\/uploads\/2023\/01\/rmc-tank-wynajem-kontenerow-naczepy-pod-tank-kontenery-012-768x512.webp 768w\" sizes=\"auto, (max-width: 1200px) 100vw, 1200px\" \/><\/div><\/div>\n  <div class=\"su-column su-column-size-1-3\"><div class=\"su-column-inner su-u-clearfix su-u-trim\"><img loading=\"lazy\" decoding=\"async\" width=\"1200\" height=\"800\" src=\"https:\/\/rmctank.com\/wp-content\/uploads\/2020\/10\/rmc-tank-wynajem-kontenerow-naczepy-012.jpg\" alt=\"\" class=\"alignnone size-full wp-image-165\" srcset=\"https:\/\/rmctank.com\/wp-content\/uploads\/2020\/10\/rmc-tank-wynajem-kontenerow-naczepy-012.jpg 1200w, https:\/\/rmctank.com\/wp-content\/uploads\/2020\/10\/rmc-tank-wynajem-kontenerow-naczepy-012-300x200.jpg 300w, https:\/\/rmctank.com\/wp-content\/uploads\/2020\/10\/rmc-tank-wynajem-kontenerow-naczepy-012-1024x683.jpg 1024w, https:\/\/rmctank.com\/wp-content\/uploads\/2020\/10\/rmc-tank-wynajem-kontenerow-naczepy-012-768x512.jpg 768w\" sizes=\"auto, (max-width: 1200px) 100vw, 1200px\" \/><\/div><\/div>\n<\/div>\n","protected":false},"excerpt":{"rendered":"","protected":false},"author":1,"featured_media":0,"parent":0,"menu_order":0,"comment_status":"closed","ping_status":"closed","template":"","meta":{"footnotes":""},"class_list":["post-451","page","type-page","status-publish","hentry"],"yoast_head":"<!-- This site is optimized with the Yoast SEO plugin v24.4 - https:\/\/yoast.com\/wordpress\/plugins\/seo\/ -->\n<title>PRIEKABOS - RMC Tank<\/title>\n<meta name=\"robots\" content=\"index, follow, max-snippet:-1, max-image-preview:large, max-video-preview:-1\" \/>\n<link rel=\"canonical\" href=\"https:\/\/rmctank.com\/lt\/priekabos\/\" \/>\n<meta property=\"og:locale\" content=\"lt_LT\" \/>\n<meta property=\"og:type\" content=\"article\" \/>\n<meta property=\"og:title\" content=\"PRIEKABOS - RMC Tank\" \/>\n<meta property=\"og:url\" content=\"https:\/\/rmctank.com\/lt\/priekabos\/\" \/>\n<meta property=\"og:site_name\" content=\"RMC Tank\" \/>\n<meta property=\"article:modified_time\" content=\"2024-06-04T12:39:43+00:00\" \/>\n<meta property=\"og:image\" content=\"https:\/\/rmctank.com\/wp-content\/uploads\/2023\/01\/rmc-tank-wynajem-kontenerow-naczepy-pod-tank-kontenery-012.webp\" \/>\n<meta name=\"twitter:card\" content=\"summary_large_image\" \/>\n<meta name=\"twitter:label1\" content=\"Est. reading time\" \/>\n\t<meta name=\"twitter:data1\" content=\"1 minut\u0117\" \/>\n<script type=\"application\/ld+json\" class=\"yoast-schema-graph\">{\"@context\":\"https:\/\/schema.org\",\"@graph\":[{\"@type\":\"WebPage\",\"@id\":\"https:\/\/rmctank.com\/lt\/priekabos\/\",\"url\":\"https:\/\/rmctank.com\/lt\/priekabos\/\",\"name\":\"PRIEKABOS - RMC Tank\",\"isPartOf\":{\"@id\":\"https:\/\/rmctank.com\/lt\/#website\"},\"primaryImageOfPage\":{\"@id\":\"https:\/\/rmctank.com\/lt\/priekabos\/#primaryimage\"},\"image\":{\"@id\":\"https:\/\/rmctank.com\/lt\/priekabos\/#primaryimage\"},\"thumbnailUrl\":\"https:\/\/rmctank.com\/wp-content\/uploads\/2023\/01\/rmc-tank-wynajem-kontenerow-naczepy-pod-tank-kontenery-012.webp\",\"datePublished\":\"2020-10-09T07:08:19+00:00\",\"dateModified\":\"2024-06-04T12:39:43+00:00\",\"breadcrumb\":{\"@id\":\"https:\/\/rmctank.com\/lt\/priekabos\/#breadcrumb\"},\"inLanguage\":\"lt-LT\",\"potentialAction\":[{\"@type\":\"ReadAction\",\"target\":[\"https:\/\/rmctank.com\/lt\/priekabos\/\"]}]},{\"@type\":\"ImageObject\",\"inLanguage\":\"lt-LT\",\"@id\":\"https:\/\/rmctank.com\/lt\/priekabos\/#primaryimage\",\"url\":\"https:\/\/rmctank.com\/wp-content\/uploads\/2023\/01\/rmc-tank-wynajem-kontenerow-naczepy-pod-tank-kontenery-012.webp\",\"contentUrl\":\"https:\/\/rmctank.com\/wp-content\/uploads\/2023\/01\/rmc-tank-wynajem-kontenerow-naczepy-pod-tank-kontenery-012.webp\"},{\"@type\":\"BreadcrumbList\",\"@id\":\"https:\/\/rmctank.com\/lt\/priekabos\/#breadcrumb\",\"itemListElement\":[{\"@type\":\"ListItem\",\"position\":1,\"name\":\"Strona g\u0142\u00f3wna\",\"item\":\"https:\/\/rmctank.com\/lt\/\"},{\"@type\":\"ListItem\",\"position\":2,\"name\":\"PRIEKABOS\"}]},{\"@type\":\"WebSite\",\"@id\":\"https:\/\/rmctank.com\/lt\/#website\",\"url\":\"https:\/\/rmctank.com\/lt\/\",\"name\":\"RMC Tank\",\"description\":\"RMC Tank Kontenery - Najlepszy partner w wynajmie tank kontener&oacute;w\",\"publisher\":{\"@id\":\"https:\/\/rmctank.com\/lt\/#organization\"},\"potentialAction\":[{\"@type\":\"SearchAction\",\"target\":{\"@type\":\"EntryPoint\",\"urlTemplate\":\"https:\/\/rmctank.com\/lt\/?s={search_term_string}\"},\"query-input\":{\"@type\":\"PropertyValueSpecification\",\"valueRequired\":true,\"valueName\":\"search_term_string\"}}],\"inLanguage\":\"lt-LT\"},{\"@type\":\"Organization\",\"@id\":\"https:\/\/rmctank.com\/lt\/#organization\",\"name\":\"RMC Tank\",\"url\":\"https:\/\/rmctank.com\/lt\/\",\"logo\":{\"@type\":\"ImageObject\",\"inLanguage\":\"lt-LT\",\"@id\":\"https:\/\/rmctank.com\/lt\/#\/schema\/logo\/image\/\",\"url\":\"https:\/\/rmctank.com\/\/wp-content\/uploads\/2020\/09\/favicon.png\",\"contentUrl\":\"https:\/\/rmctank.com\/\/wp-content\/uploads\/2020\/09\/favicon.png\",\"width\":512,\"height\":512,\"caption\":\"RMC Tank\"},\"image\":{\"@id\":\"https:\/\/rmctank.com\/lt\/#\/schema\/logo\/image\/\"}}]}<\/script>\n<!-- \/ Yoast SEO plugin. -->","yoast_head_json":{"title":"PRIEKABOS - RMC Tank","robots":{"index":"index","follow":"follow","max-snippet":"max-snippet:-1","max-image-preview":"max-image-preview:large","max-video-preview":"max-video-preview:-1"},"canonical":"https:\/\/rmctank.com\/lt\/priekabos\/","og_locale":"lt_LT","og_type":"article","og_title":"PRIEKABOS - RMC Tank","og_url":"https:\/\/rmctank.com\/lt\/priekabos\/","og_site_name":"RMC Tank","article_modified_time":"2024-06-04T12:39:43+00:00","og_image":[{"url":"https:\/\/rmctank.com\/wp-content\/uploads\/2023\/01\/rmc-tank-wynajem-kontenerow-naczepy-pod-tank-kontenery-012.webp","type":"","width":"","height":""}],"twitter_card":"summary_large_image","twitter_misc":{"Est. reading time":"1 minut\u0117"},"schema":{"@context":"https:\/\/schema.org","@graph":[{"@type":"WebPage","@id":"https:\/\/rmctank.com\/lt\/priekabos\/","url":"https:\/\/rmctank.com\/lt\/priekabos\/","name":"PRIEKABOS - RMC Tank","isPartOf":{"@id":"https:\/\/rmctank.com\/lt\/#website"},"primaryImageOfPage":{"@id":"https:\/\/rmctank.com\/lt\/priekabos\/#primaryimage"},"image":{"@id":"https:\/\/rmctank.com\/lt\/priekabos\/#primaryimage"},"thumbnailUrl":"https:\/\/rmctank.com\/wp-content\/uploads\/2023\/01\/rmc-tank-wynajem-kontenerow-naczepy-pod-tank-kontenery-012.webp","datePublished":"2020-10-09T07:08:19+00:00","dateModified":"2024-06-04T12:39:43+00:00","breadcrumb":{"@id":"https:\/\/rmctank.com\/lt\/priekabos\/#breadcrumb"},"inLanguage":"lt-LT","potentialAction":[{"@type":"ReadAction","target":["https:\/\/rmctank.com\/lt\/priekabos\/"]}]},{"@type":"ImageObject","inLanguage":"lt-LT","@id":"https:\/\/rmctank.com\/lt\/priekabos\/#primaryimage","url":"https:\/\/rmctank.com\/wp-content\/uploads\/2023\/01\/rmc-tank-wynajem-kontenerow-naczepy-pod-tank-kontenery-012.webp","contentUrl":"https:\/\/rmctank.com\/wp-content\/uploads\/2023\/01\/rmc-tank-wynajem-kontenerow-naczepy-pod-tank-kontenery-012.webp"},{"@type":"BreadcrumbList","@id":"https:\/\/rmctank.com\/lt\/priekabos\/#breadcrumb","itemListElement":[{"@type":"ListItem","position":1,"name":"Strona g\u0142\u00f3wna","item":"https:\/\/rmctank.com\/lt\/"},{"@type":"ListItem","position":2,"name":"PRIEKABOS"}]},{"@type":"WebSite","@id":"https:\/\/rmctank.com\/lt\/#website","url":"https:\/\/rmctank.com\/lt\/","name":"RMC Tank","description":"RMC Tank Kontenery - Najlepszy partner w wynajmie tank kontener&oacute;w","publisher":{"@id":"https:\/\/rmctank.com\/lt\/#organization"},"potentialAction":[{"@type":"SearchAction","target":{"@type":"EntryPoint","urlTemplate":"https:\/\/rmctank.com\/lt\/?s={search_term_string}"},"query-input":{"@type":"PropertyValueSpecification","valueRequired":true,"valueName":"search_term_string"}}],"inLanguage":"lt-LT"},{"@type":"Organization","@id":"https:\/\/rmctank.com\/lt\/#organization","name":"RMC Tank","url":"https:\/\/rmctank.com\/lt\/","logo":{"@type":"ImageObject","inLanguage":"lt-LT","@id":"https:\/\/rmctank.com\/lt\/#\/schema\/logo\/image\/","url":"https:\/\/rmctank.com\/\/wp-content\/uploads\/2020\/09\/favicon.png","contentUrl":"https:\/\/rmctank.com\/\/wp-content\/uploads\/2020\/09\/favicon.png","width":512,"height":512,"caption":"RMC Tank"},"image":{"@id":"https:\/\/rmctank.com\/lt\/#\/schema\/logo\/image\/"}}]}},"_links":{"self":[{"href":"https:\/\/rmctank.com\/lt\/wp-json\/wp\/v2\/pages\/451","targetHints":{"allow":["GET"]}}],"collection":[{"href":"https:\/\/rmctank.com\/lt\/wp-json\/wp\/v2\/pages"}],"about":[{"href":"https:\/\/rmctank.com\/lt\/wp-json\/wp\/v2\/types\/page"}],"author":[{"embeddable":true,"href":"https:\/\/rmctank.com\/lt\/wp-json\/wp\/v2\/users\/1"}],"replies":[{"embeddable":true,"href":"https:\/\/rmctank.com\/lt\/wp-json\/wp\/v2\/comments?post=451"}],"version-history":[{"count":3,"href":"https:\/\/rmctank.com\/lt\/wp-json\/wp\/v2\/pages\/451\/revisions"}],"predecessor-version":[{"id":490,"href":"https:\/\/rmctank.com\/lt\/wp-json\/wp\/v2\/pages\/451\/revisions\/490"}],"wp:attachment":[{"href":"https:\/\/rmctank.com\/lt\/wp-json\/wp\/v2\/media?parent=451"}],"curies":[{"name":"wp","href":"https:\/\/api.w.org\/{rel}","templated":true}]}}