{"id":443,"date":"2020-10-08T10:27:28","date_gmt":"2020-10-08T10:27:28","guid":{"rendered":"https:\/\/rmctank.testowy.bialystok.pl\/swap-tank-konteineriai\/"},"modified":"2024-06-04T12:11:33","modified_gmt":"2024-06-04T12:11:33","slug":"swap-tank-konteineriai","status":"publish","type":"page","link":"https:\/\/rmctank.com\/lt\/swap-tank-konteineriai\/","title":{"rendered":"SWAP TANK KONTEINERIAI"},"content":{"rendered":"<div class=\"su-row\">\n <div class=\"su-column su-column-size-1-3\"><div class=\"su-column-inner su-u-clearfix su-u-trim\">\n<div style=\"padding-left: 20px; border-left: solid 50px #cd363d; margin-bottom: 25px;\">\n<h4>SWAP TANK KONTEINERIAI (SWAP BODY)<\/h4>\n<p> yra didelio t\u016brio konteineriai, daugiausia skirti lengviems skys\u010diams, maisto ar chemijos produktams transportuoti ir laikyti. Talpa nuo 29 000 iki 35 000 litr\u0173. Jie standarti\u0161kai apr\u016bpinti \u0161ilumos izoliacija ir gar\u0173 \u0161ildymu. Papildomos galimyb\u0117s: bangolau\u017eiai, padidinta \u0161ilumos izoliacija, keli\u0173 kamer\u0173 rezervuarai. Jie skirti keli\u0173, gele\u017einkeli\u0173 ir j\u016br\u0173 transportui.<\/p><\/div>\n<p><a href=\"https:\/\/rmctank.com\/lt\/kontaktas\/\" class=\"szary-button\">TEIRAUKIT\u0116S PASI\u016aLYMO<\/a><\/div><\/div>\n  <div class=\"su-column su-column-size-1-3\"><div class=\"su-column-inner su-u-clearfix su-u-trim\"><img loading=\"lazy\" decoding=\"async\" width=\"1200\" height=\"800\" src=\"https:\/\/rmctank.com\/wp-content\/uploads\/2023\/01\/rmc-tank-wynajem-kontenerow-swap-tank-kontenery-009.webp\" alt=\"RMC TANK - Tank konteineri\u0173 nuoma ir aptarnavimas\" class=\"alignnone size-full wp-image-204 img-fluid \" srcset=\"https:\/\/rmctank.com\/wp-content\/uploads\/2023\/01\/rmc-tank-wynajem-kontenerow-swap-tank-kontenery-009.webp 1200w, https:\/\/rmctank.com\/wp-content\/uploads\/2023\/01\/rmc-tank-wynajem-kontenerow-swap-tank-kontenery-009-300x200.webp 300w, https:\/\/rmctank.com\/wp-content\/uploads\/2023\/01\/rmc-tank-wynajem-kontenerow-swap-tank-kontenery-009-1024x683.webp 1024w, https:\/\/rmctank.com\/wp-content\/uploads\/2023\/01\/rmc-tank-wynajem-kontenerow-swap-tank-kontenery-009-768x512.webp 768w\" sizes=\"auto, (max-width: 1200px) 100vw, 1200px\" \/><br \/>\n<\/div><\/div>\n  <div class=\"su-column su-column-size-1-3\"><div class=\"su-column-inner su-u-clearfix su-u-trim\"><img loading=\"lazy\" decoding=\"async\" width=\"1200\" height=\"800\" src=\"https:\/\/rmctank.com\/wp-content\/uploads\/2023\/01\/rmc-tank-wynajem-kontenerow-swap-tank-kontenery-008.webp\" alt=\"RMC TANK - Tank konteineri\u0173 nuoma ir aptarnavimas\" class=\"alignnone size-full wp-image-202\" srcset=\"https:\/\/rmctank.com\/wp-content\/uploads\/2023\/01\/rmc-tank-wynajem-kontenerow-swap-tank-kontenery-008.webp 1200w, https:\/\/rmctank.com\/wp-content\/uploads\/2023\/01\/rmc-tank-wynajem-kontenerow-swap-tank-kontenery-008-300x200.webp 300w, https:\/\/rmctank.com\/wp-content\/uploads\/2023\/01\/rmc-tank-wynajem-kontenerow-swap-tank-kontenery-008-1024x683.webp 1024w, https:\/\/rmctank.com\/wp-content\/uploads\/2023\/01\/rmc-tank-wynajem-kontenerow-swap-tank-kontenery-008-768x512.webp 768w\" sizes=\"auto, (max-width: 1200px) 100vw, 1200px\" \/><\/div><\/div>\n<\/div>\n","protected":false},"excerpt":{"rendered":"","protected":false},"author":1,"featured_media":0,"parent":0,"menu_order":0,"comment_status":"closed","ping_status":"closed","template":"","meta":{"footnotes":""},"class_list":["post-443","page","type-page","status-publish","hentry"],"yoast_head":"<!-- This site is optimized with the Yoast SEO plugin v24.4 - https:\/\/yoast.com\/wordpress\/plugins\/seo\/ -->\n<title>SWAP TANK KONTEINERIAI - RMC Tank<\/title>\n<meta name=\"robots\" content=\"index, follow, max-snippet:-1, max-image-preview:large, max-video-preview:-1\" \/>\n<link rel=\"canonical\" href=\"https:\/\/rmctank.com\/lt\/swap-tank-konteineriai\/\" \/>\n<meta property=\"og:locale\" content=\"lt_LT\" \/>\n<meta property=\"og:type\" content=\"article\" \/>\n<meta property=\"og:title\" content=\"SWAP TANK KONTEINERIAI - RMC Tank\" \/>\n<meta property=\"og:url\" content=\"https:\/\/rmctank.com\/lt\/swap-tank-konteineriai\/\" \/>\n<meta property=\"og:site_name\" content=\"RMC Tank\" \/>\n<meta property=\"article:modified_time\" content=\"2024-06-04T12:11:33+00:00\" \/>\n<meta property=\"og:image\" content=\"https:\/\/rmctank.com\/wp-content\/uploads\/2023\/01\/rmc-tank-wynajem-kontenerow-swap-tank-kontenery-009.webp\" \/>\n<meta name=\"twitter:card\" content=\"summary_large_image\" \/>\n<meta name=\"twitter:label1\" content=\"Est. reading time\" \/>\n\t<meta name=\"twitter:data1\" content=\"1 minut\u0117\" \/>\n<script type=\"application\/ld+json\" class=\"yoast-schema-graph\">{\"@context\":\"https:\/\/schema.org\",\"@graph\":[{\"@type\":\"WebPage\",\"@id\":\"https:\/\/rmctank.com\/lt\/swap-tank-konteineriai\/\",\"url\":\"https:\/\/rmctank.com\/lt\/swap-tank-konteineriai\/\",\"name\":\"SWAP TANK KONTEINERIAI - RMC Tank\",\"isPartOf\":{\"@id\":\"https:\/\/rmctank.com\/lt\/#website\"},\"primaryImageOfPage\":{\"@id\":\"https:\/\/rmctank.com\/lt\/swap-tank-konteineriai\/#primaryimage\"},\"image\":{\"@id\":\"https:\/\/rmctank.com\/lt\/swap-tank-konteineriai\/#primaryimage\"},\"thumbnailUrl\":\"https:\/\/rmctank.com\/wp-content\/uploads\/2023\/01\/rmc-tank-wynajem-kontenerow-swap-tank-kontenery-009.webp\",\"datePublished\":\"2020-10-08T10:27:28+00:00\",\"dateModified\":\"2024-06-04T12:11:33+00:00\",\"breadcrumb\":{\"@id\":\"https:\/\/rmctank.com\/lt\/swap-tank-konteineriai\/#breadcrumb\"},\"inLanguage\":\"lt-LT\",\"potentialAction\":[{\"@type\":\"ReadAction\",\"target\":[\"https:\/\/rmctank.com\/lt\/swap-tank-konteineriai\/\"]}]},{\"@type\":\"ImageObject\",\"inLanguage\":\"lt-LT\",\"@id\":\"https:\/\/rmctank.com\/lt\/swap-tank-konteineriai\/#primaryimage\",\"url\":\"https:\/\/rmctank.com\/wp-content\/uploads\/2023\/01\/rmc-tank-wynajem-kontenerow-swap-tank-kontenery-009.webp\",\"contentUrl\":\"https:\/\/rmctank.com\/wp-content\/uploads\/2023\/01\/rmc-tank-wynajem-kontenerow-swap-tank-kontenery-009.webp\"},{\"@type\":\"BreadcrumbList\",\"@id\":\"https:\/\/rmctank.com\/lt\/swap-tank-konteineriai\/#breadcrumb\",\"itemListElement\":[{\"@type\":\"ListItem\",\"position\":1,\"name\":\"Strona g\u0142\u00f3wna\",\"item\":\"https:\/\/rmctank.com\/lt\/\"},{\"@type\":\"ListItem\",\"position\":2,\"name\":\"SWAP TANK KONTEINERIAI\"}]},{\"@type\":\"WebSite\",\"@id\":\"https:\/\/rmctank.com\/lt\/#website\",\"url\":\"https:\/\/rmctank.com\/lt\/\",\"name\":\"RMC Tank\",\"description\":\"RMC Tank Kontenery - Najlepszy partner w wynajmie tank kontener&oacute;w\",\"publisher\":{\"@id\":\"https:\/\/rmctank.com\/lt\/#organization\"},\"potentialAction\":[{\"@type\":\"SearchAction\",\"target\":{\"@type\":\"EntryPoint\",\"urlTemplate\":\"https:\/\/rmctank.com\/lt\/?s={search_term_string}\"},\"query-input\":{\"@type\":\"PropertyValueSpecification\",\"valueRequired\":true,\"valueName\":\"search_term_string\"}}],\"inLanguage\":\"lt-LT\"},{\"@type\":\"Organization\",\"@id\":\"https:\/\/rmctank.com\/lt\/#organization\",\"name\":\"RMC Tank\",\"url\":\"https:\/\/rmctank.com\/lt\/\",\"logo\":{\"@type\":\"ImageObject\",\"inLanguage\":\"lt-LT\",\"@id\":\"https:\/\/rmctank.com\/lt\/#\/schema\/logo\/image\/\",\"url\":\"https:\/\/rmctank.com\/\/wp-content\/uploads\/2020\/09\/favicon.png\",\"contentUrl\":\"https:\/\/rmctank.com\/\/wp-content\/uploads\/2020\/09\/favicon.png\",\"width\":512,\"height\":512,\"caption\":\"RMC Tank\"},\"image\":{\"@id\":\"https:\/\/rmctank.com\/lt\/#\/schema\/logo\/image\/\"}}]}<\/script>\n<!-- \/ Yoast SEO plugin. -->","yoast_head_json":{"title":"SWAP TANK KONTEINERIAI - RMC Tank","robots":{"index":"index","follow":"follow","max-snippet":"max-snippet:-1","max-image-preview":"max-image-preview:large","max-video-preview":"max-video-preview:-1"},"canonical":"https:\/\/rmctank.com\/lt\/swap-tank-konteineriai\/","og_locale":"lt_LT","og_type":"article","og_title":"SWAP TANK KONTEINERIAI - RMC Tank","og_url":"https:\/\/rmctank.com\/lt\/swap-tank-konteineriai\/","og_site_name":"RMC Tank","article_modified_time":"2024-06-04T12:11:33+00:00","og_image":[{"url":"https:\/\/rmctank.com\/wp-content\/uploads\/2023\/01\/rmc-tank-wynajem-kontenerow-swap-tank-kontenery-009.webp","type":"","width":"","height":""}],"twitter_card":"summary_large_image","twitter_misc":{"Est. reading time":"1 minut\u0117"},"schema":{"@context":"https:\/\/schema.org","@graph":[{"@type":"WebPage","@id":"https:\/\/rmctank.com\/lt\/swap-tank-konteineriai\/","url":"https:\/\/rmctank.com\/lt\/swap-tank-konteineriai\/","name":"SWAP TANK KONTEINERIAI - RMC Tank","isPartOf":{"@id":"https:\/\/rmctank.com\/lt\/#website"},"primaryImageOfPage":{"@id":"https:\/\/rmctank.com\/lt\/swap-tank-konteineriai\/#primaryimage"},"image":{"@id":"https:\/\/rmctank.com\/lt\/swap-tank-konteineriai\/#primaryimage"},"thumbnailUrl":"https:\/\/rmctank.com\/wp-content\/uploads\/2023\/01\/rmc-tank-wynajem-kontenerow-swap-tank-kontenery-009.webp","datePublished":"2020-10-08T10:27:28+00:00","dateModified":"2024-06-04T12:11:33+00:00","breadcrumb":{"@id":"https:\/\/rmctank.com\/lt\/swap-tank-konteineriai\/#breadcrumb"},"inLanguage":"lt-LT","potentialAction":[{"@type":"ReadAction","target":["https:\/\/rmctank.com\/lt\/swap-tank-konteineriai\/"]}]},{"@type":"ImageObject","inLanguage":"lt-LT","@id":"https:\/\/rmctank.com\/lt\/swap-tank-konteineriai\/#primaryimage","url":"https:\/\/rmctank.com\/wp-content\/uploads\/2023\/01\/rmc-tank-wynajem-kontenerow-swap-tank-kontenery-009.webp","contentUrl":"https:\/\/rmctank.com\/wp-content\/uploads\/2023\/01\/rmc-tank-wynajem-kontenerow-swap-tank-kontenery-009.webp"},{"@type":"BreadcrumbList","@id":"https:\/\/rmctank.com\/lt\/swap-tank-konteineriai\/#breadcrumb","itemListElement":[{"@type":"ListItem","position":1,"name":"Strona g\u0142\u00f3wna","item":"https:\/\/rmctank.com\/lt\/"},{"@type":"ListItem","position":2,"name":"SWAP TANK KONTEINERIAI"}]},{"@type":"WebSite","@id":"https:\/\/rmctank.com\/lt\/#website","url":"https:\/\/rmctank.com\/lt\/","name":"RMC Tank","description":"RMC Tank Kontenery - Najlepszy partner w wynajmie tank kontener&oacute;w","publisher":{"@id":"https:\/\/rmctank.com\/lt\/#organization"},"potentialAction":[{"@type":"SearchAction","target":{"@type":"EntryPoint","urlTemplate":"https:\/\/rmctank.com\/lt\/?s={search_term_string}"},"query-input":{"@type":"PropertyValueSpecification","valueRequired":true,"valueName":"search_term_string"}}],"inLanguage":"lt-LT"},{"@type":"Organization","@id":"https:\/\/rmctank.com\/lt\/#organization","name":"RMC Tank","url":"https:\/\/rmctank.com\/lt\/","logo":{"@type":"ImageObject","inLanguage":"lt-LT","@id":"https:\/\/rmctank.com\/lt\/#\/schema\/logo\/image\/","url":"https:\/\/rmctank.com\/\/wp-content\/uploads\/2020\/09\/favicon.png","contentUrl":"https:\/\/rmctank.com\/\/wp-content\/uploads\/2020\/09\/favicon.png","width":512,"height":512,"caption":"RMC Tank"},"image":{"@id":"https:\/\/rmctank.com\/lt\/#\/schema\/logo\/image\/"}}]}},"_links":{"self":[{"href":"https:\/\/rmctank.com\/lt\/wp-json\/wp\/v2\/pages\/443","targetHints":{"allow":["GET"]}}],"collection":[{"href":"https:\/\/rmctank.com\/lt\/wp-json\/wp\/v2\/pages"}],"about":[{"href":"https:\/\/rmctank.com\/lt\/wp-json\/wp\/v2\/types\/page"}],"author":[{"embeddable":true,"href":"https:\/\/rmctank.com\/lt\/wp-json\/wp\/v2\/users\/1"}],"replies":[{"embeddable":true,"href":"https:\/\/rmctank.com\/lt\/wp-json\/wp\/v2\/comments?post=443"}],"version-history":[{"count":6,"href":"https:\/\/rmctank.com\/lt\/wp-json\/wp\/v2\/pages\/443\/revisions"}],"predecessor-version":[{"id":470,"href":"https:\/\/rmctank.com\/lt\/wp-json\/wp\/v2\/pages\/443\/revisions\/470"}],"wp:attachment":[{"href":"https:\/\/rmctank.com\/lt\/wp-json\/wp\/v2\/media?parent=443"}],"curies":[{"name":"wp","href":"https:\/\/api.w.org\/{rel}","templated":true}]}}