{"id":435,"date":"2020-09-15T12:23:31","date_gmt":"2020-09-15T12:23:31","guid":{"rendered":"https:\/\/rmctank.testowy.bialystok.pl\/apie-mus\/"},"modified":"2024-06-04T12:37:15","modified_gmt":"2024-06-04T12:37:15","slug":"apie-mus","status":"publish","type":"page","link":"https:\/\/rmctank.com\/lt\/apie-mus\/","title":{"rendered":"APIE MUS"},"content":{"rendered":"<div class=\"su-row\">\n<div class=\"su-column su-column-size-1-2\"><div class=\"su-column-inner su-u-clearfix su-u-trim\">\n<div style=\"padding-left: 20px; border-left: solid 50px #cd363d; margin-bottom: 25px;\">RMC Tank yra profesionali \u012fmon\u0117, si\u016blanti tank konteineri\u0173, puspriekabi\u0173 ir ISO tank konteineri\u0173 dali\u0173 nuom\u0105 ir aptarnavim\u0105. M\u016bs\u0173 veiklos sritis apima vis\u0105 Europ\u0105.<\/div>\n<p>D\u0117l ilgamet\u0117s patirties pramon\u0117je, si\u016blome auk\u0161\u010diausi\u0105 paslaug\u0173 kokyb\u0119, optimal\u0173 sprendim\u0173 pasirinkim\u0105 ir greit\u0105 tank konteineri\u0173 prieinamum\u0105. Suprasdami, koks svarbus yra laikas, \u012fvertiname ir kuo grei\u010diau informuojame apie konteineri\u0173 prieinamum\u0105. Atrenkame sprendimus, pritaikytus kiekvienam klientui ir jo poreikiams, orientuodamiesi \u012f ekonomi\u0161kum\u0105, \u017emoni\u0173 saug\u0105 ir aplinkos apsaug\u0105. Ekspert\u0173 komanda, turinti daug \u017eini\u0173 ir patirties, padeda parinkti geriausi\u0105 sprendim\u0105 konkre\u010diam projektui.<br \/>\n<\/div><\/div>\n<div class=\"su-column su-column-size-1-2\"><div class=\"su-column-inner su-u-clearfix su-u-trim\"><img loading=\"lazy\" decoding=\"async\" width=\"1200\" height=\"600\" class=\"alignnone size-full wp-image-198 img-fluid \" src=\"https:\/\/rmctank.com\/wp-content\/uploads\/2023\/01\/rmc-tank-wynajem-kontenerow-009-002.webp\" alt=\"RMC TANK - Tank konteineri\u0173 nuoma ir aptarnavimas\" srcset=\"https:\/\/rmctank.com\/wp-content\/uploads\/2023\/01\/rmc-tank-wynajem-kontenerow-009-002.webp 1200w, https:\/\/rmctank.com\/wp-content\/uploads\/2023\/01\/rmc-tank-wynajem-kontenerow-009-002-300x150.webp 300w, https:\/\/rmctank.com\/wp-content\/uploads\/2023\/01\/rmc-tank-wynajem-kontenerow-009-002-1024x512.webp 1024w, https:\/\/rmctank.com\/wp-content\/uploads\/2023\/01\/rmc-tank-wynajem-kontenerow-009-002-768x384.webp 768w\" sizes=\"auto, (max-width: 1200px) 100vw, 1200px\" \/><\/div><\/div>\n<\/div>\n<div class=\"su-spacer\" style=\"height:20px\"><\/div>\n<div class=\"row\" style=\"background: #f4f4f4; padding: 30px; margin: 0;\">Siekdami patenkinti klient\u0173 l\u016bkes\u010dius, teikiame kompleksines paslaugas. I\u0161pl\u0117t\u0117me savo pasi\u016bl\u0105, \u012ftraukdami puspriekabi\u0173 tank konteineri\u0173 nuom\u0105 bei ISO tank konteineri\u0173 eksploatacini\u0173 dali\u0173 pardavim\u0105. Su modernia \u012franga u\u017etikriname efektyvi\u0105 nuom\u0105, greit\u0105 \u012fgyvendinim\u0105 ir patikimum\u0105.<\/div>\n<div class=\"su-spacer\" style=\"height:20px\"><\/div>\n<h4 style=\"text-align: center;\">Pasirink\u0119 RMC Tank, J\u016bs gaunate kokyb\u0119, saugum\u0105 ir glaud\u0173 bendradarbiavim\u0105 kiekviename etape.<\/h4>\n","protected":false},"excerpt":{"rendered":"<p>Siekdami patenkinti klient\u0173 l\u016bkes\u010dius, teikiame kompleksines paslaugas. I\u0161pl\u0117t\u0117me savo pasi\u016bl\u0105, \u012ftraukdami puspriekabi\u0173 tank konteineri\u0173 nuom\u0105 bei ISO tank konteineri\u0173 eksploatacini\u0173 dali\u0173 pardavim\u0105. Su modernia \u012franga u\u017etikriname efektyvi\u0105 nuom\u0105, greit\u0105 \u012fgyvendinim\u0105 ir patikimum\u0105. Pasirink\u0119 RMC Tank, J\u016bs gaunate kokyb\u0119, saugum\u0105 ir glaud\u0173 bendradarbiavim\u0105 kiekviename etape.<\/p>\n","protected":false},"author":1,"featured_media":0,"parent":0,"menu_order":0,"comment_status":"closed","ping_status":"closed","template":"","meta":{"footnotes":""},"class_list":["post-435","page","type-page","status-publish","hentry"],"yoast_head":"<!-- This site is optimized with the Yoast SEO plugin v24.4 - https:\/\/yoast.com\/wordpress\/plugins\/seo\/ -->\n<title>APIE MUS - RMC Tank<\/title>\n<meta name=\"robots\" content=\"index, follow, max-snippet:-1, max-image-preview:large, max-video-preview:-1\" \/>\n<link rel=\"canonical\" href=\"https:\/\/rmctank.com\/lt\/apie-mus\/\" \/>\n<meta property=\"og:locale\" content=\"lt_LT\" \/>\n<meta property=\"og:type\" content=\"article\" \/>\n<meta property=\"og:title\" content=\"APIE MUS - RMC Tank\" \/>\n<meta property=\"og:description\" content=\"Siekdami patenkinti klient\u0173 l\u016bkes\u010dius, teikiame kompleksines paslaugas. I\u0161pl\u0117t\u0117me savo pasi\u016bl\u0105, \u012ftraukdami puspriekabi\u0173 tank konteineri\u0173 nuom\u0105 bei ISO tank konteineri\u0173 eksploatacini\u0173 dali\u0173 pardavim\u0105. Su modernia \u012franga u\u017etikriname efektyvi\u0105 nuom\u0105, greit\u0105 \u012fgyvendinim\u0105 ir patikimum\u0105. Pasirink\u0119 RMC Tank, J\u016bs gaunate kokyb\u0119, saugum\u0105 ir glaud\u0173 bendradarbiavim\u0105 kiekviename etape.\" \/>\n<meta property=\"og:url\" content=\"https:\/\/rmctank.com\/lt\/apie-mus\/\" \/>\n<meta property=\"og:site_name\" content=\"RMC Tank\" \/>\n<meta property=\"article:modified_time\" content=\"2024-06-04T12:37:15+00:00\" \/>\n<meta property=\"og:image\" content=\"https:\/\/rmctank.com\/wp-content\/uploads\/2023\/01\/rmc-tank-wynajem-kontenerow-009-002.webp\" \/>\n<meta name=\"twitter:card\" content=\"summary_large_image\" \/>\n<meta name=\"twitter:label1\" content=\"Est. reading time\" \/>\n\t<meta name=\"twitter:data1\" content=\"2 minut\u0117s\" \/>\n<script type=\"application\/ld+json\" class=\"yoast-schema-graph\">{\"@context\":\"https:\/\/schema.org\",\"@graph\":[{\"@type\":\"WebPage\",\"@id\":\"https:\/\/rmctank.com\/lt\/apie-mus\/\",\"url\":\"https:\/\/rmctank.com\/lt\/apie-mus\/\",\"name\":\"APIE MUS - RMC Tank\",\"isPartOf\":{\"@id\":\"https:\/\/rmctank.com\/lt\/#website\"},\"primaryImageOfPage\":{\"@id\":\"https:\/\/rmctank.com\/lt\/apie-mus\/#primaryimage\"},\"image\":{\"@id\":\"https:\/\/rmctank.com\/lt\/apie-mus\/#primaryimage\"},\"thumbnailUrl\":\"https:\/\/rmctank.com\/wp-content\/uploads\/2023\/01\/rmc-tank-wynajem-kontenerow-009-002.webp\",\"datePublished\":\"2020-09-15T12:23:31+00:00\",\"dateModified\":\"2024-06-04T12:37:15+00:00\",\"breadcrumb\":{\"@id\":\"https:\/\/rmctank.com\/lt\/apie-mus\/#breadcrumb\"},\"inLanguage\":\"lt-LT\",\"potentialAction\":[{\"@type\":\"ReadAction\",\"target\":[\"https:\/\/rmctank.com\/lt\/apie-mus\/\"]}]},{\"@type\":\"ImageObject\",\"inLanguage\":\"lt-LT\",\"@id\":\"https:\/\/rmctank.com\/lt\/apie-mus\/#primaryimage\",\"url\":\"https:\/\/rmctank.com\/wp-content\/uploads\/2023\/01\/rmc-tank-wynajem-kontenerow-009-002.webp\",\"contentUrl\":\"https:\/\/rmctank.com\/wp-content\/uploads\/2023\/01\/rmc-tank-wynajem-kontenerow-009-002.webp\"},{\"@type\":\"BreadcrumbList\",\"@id\":\"https:\/\/rmctank.com\/lt\/apie-mus\/#breadcrumb\",\"itemListElement\":[{\"@type\":\"ListItem\",\"position\":1,\"name\":\"Strona g\u0142\u00f3wna\",\"item\":\"https:\/\/rmctank.com\/lt\/\"},{\"@type\":\"ListItem\",\"position\":2,\"name\":\"APIE MUS\"}]},{\"@type\":\"WebSite\",\"@id\":\"https:\/\/rmctank.com\/lt\/#website\",\"url\":\"https:\/\/rmctank.com\/lt\/\",\"name\":\"RMC Tank\",\"description\":\"RMC Tank Kontenery - Najlepszy partner w wynajmie tank kontener&oacute;w\",\"publisher\":{\"@id\":\"https:\/\/rmctank.com\/lt\/#organization\"},\"potentialAction\":[{\"@type\":\"SearchAction\",\"target\":{\"@type\":\"EntryPoint\",\"urlTemplate\":\"https:\/\/rmctank.com\/lt\/?s={search_term_string}\"},\"query-input\":{\"@type\":\"PropertyValueSpecification\",\"valueRequired\":true,\"valueName\":\"search_term_string\"}}],\"inLanguage\":\"lt-LT\"},{\"@type\":\"Organization\",\"@id\":\"https:\/\/rmctank.com\/lt\/#organization\",\"name\":\"RMC Tank\",\"url\":\"https:\/\/rmctank.com\/lt\/\",\"logo\":{\"@type\":\"ImageObject\",\"inLanguage\":\"lt-LT\",\"@id\":\"https:\/\/rmctank.com\/lt\/#\/schema\/logo\/image\/\",\"url\":\"https:\/\/rmctank.com\/\/wp-content\/uploads\/2020\/09\/favicon.png\",\"contentUrl\":\"https:\/\/rmctank.com\/\/wp-content\/uploads\/2020\/09\/favicon.png\",\"width\":512,\"height\":512,\"caption\":\"RMC Tank\"},\"image\":{\"@id\":\"https:\/\/rmctank.com\/lt\/#\/schema\/logo\/image\/\"}}]}<\/script>\n<!-- \/ Yoast SEO plugin. -->","yoast_head_json":{"title":"APIE MUS - RMC Tank","robots":{"index":"index","follow":"follow","max-snippet":"max-snippet:-1","max-image-preview":"max-image-preview:large","max-video-preview":"max-video-preview:-1"},"canonical":"https:\/\/rmctank.com\/lt\/apie-mus\/","og_locale":"lt_LT","og_type":"article","og_title":"APIE MUS - RMC Tank","og_description":"Siekdami patenkinti klient\u0173 l\u016bkes\u010dius, teikiame kompleksines paslaugas. I\u0161pl\u0117t\u0117me savo pasi\u016bl\u0105, \u012ftraukdami puspriekabi\u0173 tank konteineri\u0173 nuom\u0105 bei ISO tank konteineri\u0173 eksploatacini\u0173 dali\u0173 pardavim\u0105. Su modernia \u012franga u\u017etikriname efektyvi\u0105 nuom\u0105, greit\u0105 \u012fgyvendinim\u0105 ir patikimum\u0105. Pasirink\u0119 RMC Tank, J\u016bs gaunate kokyb\u0119, saugum\u0105 ir glaud\u0173 bendradarbiavim\u0105 kiekviename etape.","og_url":"https:\/\/rmctank.com\/lt\/apie-mus\/","og_site_name":"RMC Tank","article_modified_time":"2024-06-04T12:37:15+00:00","og_image":[{"url":"https:\/\/rmctank.com\/wp-content\/uploads\/2023\/01\/rmc-tank-wynajem-kontenerow-009-002.webp","type":"","width":"","height":""}],"twitter_card":"summary_large_image","twitter_misc":{"Est. reading time":"2 minut\u0117s"},"schema":{"@context":"https:\/\/schema.org","@graph":[{"@type":"WebPage","@id":"https:\/\/rmctank.com\/lt\/apie-mus\/","url":"https:\/\/rmctank.com\/lt\/apie-mus\/","name":"APIE MUS - RMC Tank","isPartOf":{"@id":"https:\/\/rmctank.com\/lt\/#website"},"primaryImageOfPage":{"@id":"https:\/\/rmctank.com\/lt\/apie-mus\/#primaryimage"},"image":{"@id":"https:\/\/rmctank.com\/lt\/apie-mus\/#primaryimage"},"thumbnailUrl":"https:\/\/rmctank.com\/wp-content\/uploads\/2023\/01\/rmc-tank-wynajem-kontenerow-009-002.webp","datePublished":"2020-09-15T12:23:31+00:00","dateModified":"2024-06-04T12:37:15+00:00","breadcrumb":{"@id":"https:\/\/rmctank.com\/lt\/apie-mus\/#breadcrumb"},"inLanguage":"lt-LT","potentialAction":[{"@type":"ReadAction","target":["https:\/\/rmctank.com\/lt\/apie-mus\/"]}]},{"@type":"ImageObject","inLanguage":"lt-LT","@id":"https:\/\/rmctank.com\/lt\/apie-mus\/#primaryimage","url":"https:\/\/rmctank.com\/wp-content\/uploads\/2023\/01\/rmc-tank-wynajem-kontenerow-009-002.webp","contentUrl":"https:\/\/rmctank.com\/wp-content\/uploads\/2023\/01\/rmc-tank-wynajem-kontenerow-009-002.webp"},{"@type":"BreadcrumbList","@id":"https:\/\/rmctank.com\/lt\/apie-mus\/#breadcrumb","itemListElement":[{"@type":"ListItem","position":1,"name":"Strona g\u0142\u00f3wna","item":"https:\/\/rmctank.com\/lt\/"},{"@type":"ListItem","position":2,"name":"APIE MUS"}]},{"@type":"WebSite","@id":"https:\/\/rmctank.com\/lt\/#website","url":"https:\/\/rmctank.com\/lt\/","name":"RMC Tank","description":"RMC Tank Kontenery - Najlepszy partner w wynajmie tank kontener&oacute;w","publisher":{"@id":"https:\/\/rmctank.com\/lt\/#organization"},"potentialAction":[{"@type":"SearchAction","target":{"@type":"EntryPoint","urlTemplate":"https:\/\/rmctank.com\/lt\/?s={search_term_string}"},"query-input":{"@type":"PropertyValueSpecification","valueRequired":true,"valueName":"search_term_string"}}],"inLanguage":"lt-LT"},{"@type":"Organization","@id":"https:\/\/rmctank.com\/lt\/#organization","name":"RMC Tank","url":"https:\/\/rmctank.com\/lt\/","logo":{"@type":"ImageObject","inLanguage":"lt-LT","@id":"https:\/\/rmctank.com\/lt\/#\/schema\/logo\/image\/","url":"https:\/\/rmctank.com\/\/wp-content\/uploads\/2020\/09\/favicon.png","contentUrl":"https:\/\/rmctank.com\/\/wp-content\/uploads\/2020\/09\/favicon.png","width":512,"height":512,"caption":"RMC Tank"},"image":{"@id":"https:\/\/rmctank.com\/lt\/#\/schema\/logo\/image\/"}}]}},"_links":{"self":[{"href":"https:\/\/rmctank.com\/lt\/wp-json\/wp\/v2\/pages\/435","targetHints":{"allow":["GET"]}}],"collection":[{"href":"https:\/\/rmctank.com\/lt\/wp-json\/wp\/v2\/pages"}],"about":[{"href":"https:\/\/rmctank.com\/lt\/wp-json\/wp\/v2\/types\/page"}],"author":[{"embeddable":true,"href":"https:\/\/rmctank.com\/lt\/wp-json\/wp\/v2\/users\/1"}],"replies":[{"embeddable":true,"href":"https:\/\/rmctank.com\/lt\/wp-json\/wp\/v2\/comments?post=435"}],"version-history":[{"count":2,"href":"https:\/\/rmctank.com\/lt\/wp-json\/wp\/v2\/pages\/435\/revisions"}],"predecessor-version":[{"id":486,"href":"https:\/\/rmctank.com\/lt\/wp-json\/wp\/v2\/pages\/435\/revisions\/486"}],"wp:attachment":[{"href":"https:\/\/rmctank.com\/lt\/wp-json\/wp\/v2\/media?parent=435"}],"curies":[{"name":"wp","href":"https:\/\/api.w.org\/{rel}","templated":true}]}}