{"id":408,"date":"2020-10-09T07:08:19","date_gmt":"2020-10-09T07:08:19","guid":{"rendered":"https:\/\/rmctank.testowy.bialystok.pl\/navesy\/"},"modified":"2024-06-04T12:25:10","modified_gmt":"2024-06-04T12:25:10","slug":"navesy","status":"publish","type":"page","link":"https:\/\/rmctank.com\/cs\/navesy\/","title":{"rendered":"N\u00c1V\u011aSY"},"content":{"rendered":"<div class=\"su-row\">\n<div class=\"su-column su-column-size-1-3\"><div class=\"su-column-inner su-u-clearfix su-u-trim\">\n<div style=\"padding-left: 20px; border-left: solid 50px #cd363d; margin-bottom: 25px;\">Nab\u00edz\u00edme tak\u00e9 pron\u00e1jem specializovan\u00fdch n\u00e1v\u011bs\u016f pro cisternov\u00e9 kontejnery ur\u010den\u00fdch pro p\u0159epravu kontejner\u016f typu cisterna 20\u2032 a 30\u2032, ide\u00e1ln\u00ed tak\u00e9 pro SWAP a ISO cisterny. Jedn\u00e1 se o n\u00e1v\u011bsy od renomovan\u00fdch spole\u010dnost\u00ed s n\u00edzkou vlastn\u00ed hmotnost\u00ed, vybaven\u00e9 hadicov\u00fdmi trubkami a p\u0159izp\u016fsoben\u00e9 pro p\u0159epravu nebezpe\u010dn\u00fdch produkt\u016f ADR.<\/div>\n<p><a href=\"\/cs\/kontakt\/\" class=\"szary-button\">PO\u017d\u00c1DEJTE O NAB\u00cdDKU<\/a><\/div><\/div>\n  <div class=\"su-column su-column-size-1-3\"><div class=\"su-column-inner su-u-clearfix su-u-trim\"><img loading=\"lazy\" decoding=\"async\" width=\"1200\" height=\"800\" src=\"https:\/\/rmctank.com\/wp-content\/uploads\/2023\/01\/rmc-tank-wynajem-kontenerow-naczepy-pod-tank-kontenery-012.webp\" alt=\"RMC TANK - Pron\u00e1jem n\u00e1v\u011bs\u016f pro cisternov\u00e9 kontejnery\" class=\"alignnone size-full wp-image-209\" srcset=\"https:\/\/rmctank.com\/wp-content\/uploads\/2023\/01\/rmc-tank-wynajem-kontenerow-naczepy-pod-tank-kontenery-012.webp 1200w, https:\/\/rmctank.com\/wp-content\/uploads\/2023\/01\/rmc-tank-wynajem-kontenerow-naczepy-pod-tank-kontenery-012-300x200.webp 300w, https:\/\/rmctank.com\/wp-content\/uploads\/2023\/01\/rmc-tank-wynajem-kontenerow-naczepy-pod-tank-kontenery-012-1024x683.webp 1024w, https:\/\/rmctank.com\/wp-content\/uploads\/2023\/01\/rmc-tank-wynajem-kontenerow-naczepy-pod-tank-kontenery-012-768x512.webp 768w\" sizes=\"auto, (max-width: 1200px) 100vw, 1200px\" \/><\/div><\/div>\n  <div class=\"su-column su-column-size-1-3\"><div class=\"su-column-inner su-u-clearfix su-u-trim\"><img loading=\"lazy\" decoding=\"async\" width=\"1200\" height=\"800\" src=\"https:\/\/rmctank.com\/wp-content\/uploads\/2020\/10\/rmc-tank-wynajem-kontenerow-naczepy-012.jpg\" alt=\"\" class=\"alignnone size-full wp-image-165\" srcset=\"https:\/\/rmctank.com\/wp-content\/uploads\/2020\/10\/rmc-tank-wynajem-kontenerow-naczepy-012.jpg 1200w, https:\/\/rmctank.com\/wp-content\/uploads\/2020\/10\/rmc-tank-wynajem-kontenerow-naczepy-012-300x200.jpg 300w, https:\/\/rmctank.com\/wp-content\/uploads\/2020\/10\/rmc-tank-wynajem-kontenerow-naczepy-012-1024x683.jpg 1024w, https:\/\/rmctank.com\/wp-content\/uploads\/2020\/10\/rmc-tank-wynajem-kontenerow-naczepy-012-768x512.jpg 768w\" sizes=\"auto, (max-width: 1200px) 100vw, 1200px\" \/><\/div><\/div>\n<\/div>\n","protected":false},"excerpt":{"rendered":"","protected":false},"author":1,"featured_media":0,"parent":0,"menu_order":0,"comment_status":"closed","ping_status":"closed","template":"","meta":{"footnotes":""},"class_list":["post-408","page","type-page","status-publish","hentry"],"yoast_head":"<!-- This site is optimized with the Yoast SEO plugin v24.4 - https:\/\/yoast.com\/wordpress\/plugins\/seo\/ -->\n<title>N\u00c1V\u011aSY - RMC Tank<\/title>\n<meta name=\"robots\" content=\"index, follow, max-snippet:-1, max-image-preview:large, max-video-preview:-1\" \/>\n<link rel=\"canonical\" href=\"https:\/\/rmctank.com\/cs\/navesy\/\" \/>\n<meta property=\"og:locale\" content=\"cs_CZ\" \/>\n<meta property=\"og:type\" content=\"article\" \/>\n<meta property=\"og:title\" content=\"N\u00c1V\u011aSY - RMC Tank\" \/>\n<meta property=\"og:url\" content=\"https:\/\/rmctank.com\/cs\/navesy\/\" \/>\n<meta property=\"og:site_name\" content=\"RMC Tank\" \/>\n<meta property=\"article:modified_time\" content=\"2024-06-04T12:25:10+00:00\" \/>\n<meta property=\"og:image\" content=\"https:\/\/rmctank.com\/wp-content\/uploads\/2023\/01\/rmc-tank-wynajem-kontenerow-naczepy-pod-tank-kontenery-012.webp\" \/>\n<meta name=\"twitter:card\" content=\"summary_large_image\" \/>\n<meta name=\"twitter:label1\" content=\"Odhadovan\u00e1 doba \u010dten\u00ed\" \/>\n\t<meta name=\"twitter:data1\" content=\"1 minuta\" \/>\n<script type=\"application\/ld+json\" class=\"yoast-schema-graph\">{\"@context\":\"https:\/\/schema.org\",\"@graph\":[{\"@type\":\"WebPage\",\"@id\":\"https:\/\/rmctank.com\/cs\/navesy\/\",\"url\":\"https:\/\/rmctank.com\/cs\/navesy\/\",\"name\":\"N\u00c1V\u011aSY - RMC Tank\",\"isPartOf\":{\"@id\":\"https:\/\/rmctank.com\/cs\/#website\"},\"primaryImageOfPage\":{\"@id\":\"https:\/\/rmctank.com\/cs\/navesy\/#primaryimage\"},\"image\":{\"@id\":\"https:\/\/rmctank.com\/cs\/navesy\/#primaryimage\"},\"thumbnailUrl\":\"https:\/\/rmctank.com\/wp-content\/uploads\/2023\/01\/rmc-tank-wynajem-kontenerow-naczepy-pod-tank-kontenery-012.webp\",\"datePublished\":\"2020-10-09T07:08:19+00:00\",\"dateModified\":\"2024-06-04T12:25:10+00:00\",\"breadcrumb\":{\"@id\":\"https:\/\/rmctank.com\/cs\/navesy\/#breadcrumb\"},\"inLanguage\":\"cs\",\"potentialAction\":[{\"@type\":\"ReadAction\",\"target\":[\"https:\/\/rmctank.com\/cs\/navesy\/\"]}]},{\"@type\":\"ImageObject\",\"inLanguage\":\"cs\",\"@id\":\"https:\/\/rmctank.com\/cs\/navesy\/#primaryimage\",\"url\":\"https:\/\/rmctank.com\/wp-content\/uploads\/2023\/01\/rmc-tank-wynajem-kontenerow-naczepy-pod-tank-kontenery-012.webp\",\"contentUrl\":\"https:\/\/rmctank.com\/wp-content\/uploads\/2023\/01\/rmc-tank-wynajem-kontenerow-naczepy-pod-tank-kontenery-012.webp\"},{\"@type\":\"BreadcrumbList\",\"@id\":\"https:\/\/rmctank.com\/cs\/navesy\/#breadcrumb\",\"itemListElement\":[{\"@type\":\"ListItem\",\"position\":1,\"name\":\"Strona g\u0142\u00f3wna\",\"item\":\"https:\/\/rmctank.com\/cs\/\"},{\"@type\":\"ListItem\",\"position\":2,\"name\":\"N\u00c1V\u011aSY\"}]},{\"@type\":\"WebSite\",\"@id\":\"https:\/\/rmctank.com\/cs\/#website\",\"url\":\"https:\/\/rmctank.com\/cs\/\",\"name\":\"RMC Tank\",\"description\":\"RMC Tank Kontenery - Najlepszy partner w wynajmie tank kontener&oacute;w\",\"publisher\":{\"@id\":\"https:\/\/rmctank.com\/cs\/#organization\"},\"potentialAction\":[{\"@type\":\"SearchAction\",\"target\":{\"@type\":\"EntryPoint\",\"urlTemplate\":\"https:\/\/rmctank.com\/cs\/?s={search_term_string}\"},\"query-input\":{\"@type\":\"PropertyValueSpecification\",\"valueRequired\":true,\"valueName\":\"search_term_string\"}}],\"inLanguage\":\"cs\"},{\"@type\":\"Organization\",\"@id\":\"https:\/\/rmctank.com\/cs\/#organization\",\"name\":\"RMC Tank\",\"url\":\"https:\/\/rmctank.com\/cs\/\",\"logo\":{\"@type\":\"ImageObject\",\"inLanguage\":\"cs\",\"@id\":\"https:\/\/rmctank.com\/cs\/#\/schema\/logo\/image\/\",\"url\":\"https:\/\/rmctank.com\/\/wp-content\/uploads\/2020\/09\/favicon.png\",\"contentUrl\":\"https:\/\/rmctank.com\/\/wp-content\/uploads\/2020\/09\/favicon.png\",\"width\":512,\"height\":512,\"caption\":\"RMC Tank\"},\"image\":{\"@id\":\"https:\/\/rmctank.com\/cs\/#\/schema\/logo\/image\/\"}}]}<\/script>\n<!-- \/ Yoast SEO plugin. -->","yoast_head_json":{"title":"N\u00c1V\u011aSY - RMC Tank","robots":{"index":"index","follow":"follow","max-snippet":"max-snippet:-1","max-image-preview":"max-image-preview:large","max-video-preview":"max-video-preview:-1"},"canonical":"https:\/\/rmctank.com\/cs\/navesy\/","og_locale":"cs_CZ","og_type":"article","og_title":"N\u00c1V\u011aSY - RMC Tank","og_url":"https:\/\/rmctank.com\/cs\/navesy\/","og_site_name":"RMC Tank","article_modified_time":"2024-06-04T12:25:10+00:00","og_image":[{"url":"https:\/\/rmctank.com\/wp-content\/uploads\/2023\/01\/rmc-tank-wynajem-kontenerow-naczepy-pod-tank-kontenery-012.webp","type":"","width":"","height":""}],"twitter_card":"summary_large_image","twitter_misc":{"Odhadovan\u00e1 doba \u010dten\u00ed":"1 minuta"},"schema":{"@context":"https:\/\/schema.org","@graph":[{"@type":"WebPage","@id":"https:\/\/rmctank.com\/cs\/navesy\/","url":"https:\/\/rmctank.com\/cs\/navesy\/","name":"N\u00c1V\u011aSY - RMC Tank","isPartOf":{"@id":"https:\/\/rmctank.com\/cs\/#website"},"primaryImageOfPage":{"@id":"https:\/\/rmctank.com\/cs\/navesy\/#primaryimage"},"image":{"@id":"https:\/\/rmctank.com\/cs\/navesy\/#primaryimage"},"thumbnailUrl":"https:\/\/rmctank.com\/wp-content\/uploads\/2023\/01\/rmc-tank-wynajem-kontenerow-naczepy-pod-tank-kontenery-012.webp","datePublished":"2020-10-09T07:08:19+00:00","dateModified":"2024-06-04T12:25:10+00:00","breadcrumb":{"@id":"https:\/\/rmctank.com\/cs\/navesy\/#breadcrumb"},"inLanguage":"cs","potentialAction":[{"@type":"ReadAction","target":["https:\/\/rmctank.com\/cs\/navesy\/"]}]},{"@type":"ImageObject","inLanguage":"cs","@id":"https:\/\/rmctank.com\/cs\/navesy\/#primaryimage","url":"https:\/\/rmctank.com\/wp-content\/uploads\/2023\/01\/rmc-tank-wynajem-kontenerow-naczepy-pod-tank-kontenery-012.webp","contentUrl":"https:\/\/rmctank.com\/wp-content\/uploads\/2023\/01\/rmc-tank-wynajem-kontenerow-naczepy-pod-tank-kontenery-012.webp"},{"@type":"BreadcrumbList","@id":"https:\/\/rmctank.com\/cs\/navesy\/#breadcrumb","itemListElement":[{"@type":"ListItem","position":1,"name":"Strona g\u0142\u00f3wna","item":"https:\/\/rmctank.com\/cs\/"},{"@type":"ListItem","position":2,"name":"N\u00c1V\u011aSY"}]},{"@type":"WebSite","@id":"https:\/\/rmctank.com\/cs\/#website","url":"https:\/\/rmctank.com\/cs\/","name":"RMC Tank","description":"RMC Tank Kontenery - Najlepszy partner w wynajmie tank kontener&oacute;w","publisher":{"@id":"https:\/\/rmctank.com\/cs\/#organization"},"potentialAction":[{"@type":"SearchAction","target":{"@type":"EntryPoint","urlTemplate":"https:\/\/rmctank.com\/cs\/?s={search_term_string}"},"query-input":{"@type":"PropertyValueSpecification","valueRequired":true,"valueName":"search_term_string"}}],"inLanguage":"cs"},{"@type":"Organization","@id":"https:\/\/rmctank.com\/cs\/#organization","name":"RMC Tank","url":"https:\/\/rmctank.com\/cs\/","logo":{"@type":"ImageObject","inLanguage":"cs","@id":"https:\/\/rmctank.com\/cs\/#\/schema\/logo\/image\/","url":"https:\/\/rmctank.com\/\/wp-content\/uploads\/2020\/09\/favicon.png","contentUrl":"https:\/\/rmctank.com\/\/wp-content\/uploads\/2020\/09\/favicon.png","width":512,"height":512,"caption":"RMC Tank"},"image":{"@id":"https:\/\/rmctank.com\/cs\/#\/schema\/logo\/image\/"}}]}},"_links":{"self":[{"href":"https:\/\/rmctank.com\/cs\/wp-json\/wp\/v2\/pages\/408","targetHints":{"allow":["GET"]}}],"collection":[{"href":"https:\/\/rmctank.com\/cs\/wp-json\/wp\/v2\/pages"}],"about":[{"href":"https:\/\/rmctank.com\/cs\/wp-json\/wp\/v2\/types\/page"}],"author":[{"embeddable":true,"href":"https:\/\/rmctank.com\/cs\/wp-json\/wp\/v2\/users\/1"}],"replies":[{"embeddable":true,"href":"https:\/\/rmctank.com\/cs\/wp-json\/wp\/v2\/comments?post=408"}],"version-history":[{"count":3,"href":"https:\/\/rmctank.com\/cs\/wp-json\/wp\/v2\/pages\/408\/revisions"}],"predecessor-version":[{"id":484,"href":"https:\/\/rmctank.com\/cs\/wp-json\/wp\/v2\/pages\/408\/revisions\/484"}],"wp:attachment":[{"href":"https:\/\/rmctank.com\/cs\/wp-json\/wp\/v2\/media?parent=408"}],"curies":[{"name":"wp","href":"https:\/\/api.w.org\/{rel}","templated":true}]}}