{"id":402,"date":"2020-10-08T10:14:38","date_gmt":"2020-10-08T10:14:38","guid":{"rendered":"https:\/\/rmctank.testowy.bialystok.pl\/iso-cisternove-kontejnery\/"},"modified":"2024-06-04T12:23:20","modified_gmt":"2024-06-04T12:23:20","slug":"iso-cisternove-kontejnery","status":"publish","type":"page","link":"https:\/\/rmctank.com\/cs\/iso-cisternove-kontejnery\/","title":{"rendered":"ISO CISTERNOV\u00c9 KONTEJNERY"},"content":{"rendered":"<div class=\"su-row\">\n<div class=\"su-column su-column-size-2-3\"><div class=\"su-column-inner su-u-clearfix su-u-trim\">\n<div style=\"padding-left: 20px; border-left: solid 50px #cd363d; margin-bottom: 25px;\">\n<h4>ISO CISTERNOV\u00c9 KONTEJNERY<\/h4>\n<p>jsou nejobl\u00edben\u011bj\u0161\u00ed na sv\u011bte kontejnery v dodavatelsk\u00e9m \u0159et\u011bzci pro p\u0159epravu tekutin. Pou\u017e\u00edvaj\u00ed se p\u0159edev\u0161\u00edm k p\u0159eprav\u011b tekut\u00fdch chemick\u00fdch, neutr\u00e1ln\u00edch a potravin\u00e1\u0159sk\u00fdch produkt\u016f. Objem od 21000 do 26000 litr\u016f, standardn\u011b vybaven\u00e9 tepelnou izolac\u00ed a parn\u00edm vyt\u00e1p\u011bn\u00edm. Mohou b\u00fdt p\u0159izp\u016fsobeny k p\u0159eprav\u011b nebezpe\u010dn\u00e9ho, \u200b\u200bneutr\u00e1ln\u00edho a potravin\u00e1\u0159sk\u00e9ho zbo\u017e\u00ed. Nav\u00edc mohou b\u00fdt vybaveny vlnolamy, topn\u00fdm syst\u00e9mem, skl\u00e1dac\u00ed z\u00e1branou atd. Jsou ur\u010deny pro silni\u010dn\u00ed, \u017eelezni\u010dn\u00ed a n\u00e1mo\u0159n\u00ed dopravu. Po\u017e\u00e1dejte o nab\u00eddku<\/p>\n<\/div>\n<p><a class=\"szary-button\" href=\"\/cs\/kontakt\/\">PO\u017d\u00c1DEJTE O NAB\u00cdDKU<\/a><br \/>\n<\/div><\/div>\n<div class=\"su-column su-column-size-1-3\"><div class=\"su-column-inner su-u-clearfix su-u-trim\"><img loading=\"lazy\" decoding=\"async\" width=\"1200\" height=\"800\" class=\"alignnone size-full wp-image-200 img-fluid \" src=\"https:\/\/rmctank.com\/wp-content\/uploads\/2023\/01\/rmc-tank-wynajem-kontenerow-iso-tank-kontenery-007.webp\" alt=\"RMC TANK - Pron\u00e1jem cisternov\u00fdch kontejner\u016f\" srcset=\"https:\/\/rmctank.com\/wp-content\/uploads\/2023\/01\/rmc-tank-wynajem-kontenerow-iso-tank-kontenery-007.webp 1200w, https:\/\/rmctank.com\/wp-content\/uploads\/2023\/01\/rmc-tank-wynajem-kontenerow-iso-tank-kontenery-007-300x200.webp 300w, https:\/\/rmctank.com\/wp-content\/uploads\/2023\/01\/rmc-tank-wynajem-kontenerow-iso-tank-kontenery-007-1024x683.webp 1024w, https:\/\/rmctank.com\/wp-content\/uploads\/2023\/01\/rmc-tank-wynajem-kontenerow-iso-tank-kontenery-007-768x512.webp 768w\" sizes=\"auto, (max-width: 1200px) 100vw, 1200px\" \/><\/div><\/div>\n<\/div>\n","protected":false},"excerpt":{"rendered":"","protected":false},"author":1,"featured_media":0,"parent":0,"menu_order":0,"comment_status":"closed","ping_status":"closed","template":"","meta":{"footnotes":""},"class_list":["post-402","page","type-page","status-publish","hentry"],"yoast_head":"<!-- This site is optimized with the Yoast SEO plugin v24.4 - https:\/\/yoast.com\/wordpress\/plugins\/seo\/ -->\n<title>ISO CISTERNOV\u00c9 KONTEJNERY - RMC Tank<\/title>\n<meta name=\"robots\" content=\"index, follow, max-snippet:-1, max-image-preview:large, max-video-preview:-1\" \/>\n<link rel=\"canonical\" href=\"https:\/\/rmctank.com\/cs\/iso-cisternove-kontejnery\/\" \/>\n<meta property=\"og:locale\" content=\"cs_CZ\" \/>\n<meta property=\"og:type\" content=\"article\" \/>\n<meta property=\"og:title\" content=\"ISO CISTERNOV\u00c9 KONTEJNERY - RMC Tank\" \/>\n<meta property=\"og:url\" content=\"https:\/\/rmctank.com\/cs\/iso-cisternove-kontejnery\/\" \/>\n<meta property=\"og:site_name\" content=\"RMC Tank\" \/>\n<meta property=\"article:modified_time\" content=\"2024-06-04T12:23:20+00:00\" \/>\n<meta property=\"og:image\" content=\"https:\/\/rmctank.com\/wp-content\/uploads\/2023\/01\/rmc-tank-wynajem-kontenerow-iso-tank-kontenery-007.webp\" \/>\n<meta name=\"twitter:card\" content=\"summary_large_image\" \/>\n<meta name=\"twitter:label1\" content=\"Odhadovan\u00e1 doba \u010dten\u00ed\" \/>\n\t<meta name=\"twitter:data1\" content=\"1 minuta\" \/>\n<script type=\"application\/ld+json\" class=\"yoast-schema-graph\">{\"@context\":\"https:\/\/schema.org\",\"@graph\":[{\"@type\":\"WebPage\",\"@id\":\"https:\/\/rmctank.com\/cs\/iso-cisternove-kontejnery\/\",\"url\":\"https:\/\/rmctank.com\/cs\/iso-cisternove-kontejnery\/\",\"name\":\"ISO CISTERNOV\u00c9 KONTEJNERY - RMC Tank\",\"isPartOf\":{\"@id\":\"https:\/\/rmctank.com\/cs\/#website\"},\"primaryImageOfPage\":{\"@id\":\"https:\/\/rmctank.com\/cs\/iso-cisternove-kontejnery\/#primaryimage\"},\"image\":{\"@id\":\"https:\/\/rmctank.com\/cs\/iso-cisternove-kontejnery\/#primaryimage\"},\"thumbnailUrl\":\"https:\/\/rmctank.com\/wp-content\/uploads\/2023\/01\/rmc-tank-wynajem-kontenerow-iso-tank-kontenery-007.webp\",\"datePublished\":\"2020-10-08T10:14:38+00:00\",\"dateModified\":\"2024-06-04T12:23:20+00:00\",\"breadcrumb\":{\"@id\":\"https:\/\/rmctank.com\/cs\/iso-cisternove-kontejnery\/#breadcrumb\"},\"inLanguage\":\"cs\",\"potentialAction\":[{\"@type\":\"ReadAction\",\"target\":[\"https:\/\/rmctank.com\/cs\/iso-cisternove-kontejnery\/\"]}]},{\"@type\":\"ImageObject\",\"inLanguage\":\"cs\",\"@id\":\"https:\/\/rmctank.com\/cs\/iso-cisternove-kontejnery\/#primaryimage\",\"url\":\"https:\/\/rmctank.com\/wp-content\/uploads\/2023\/01\/rmc-tank-wynajem-kontenerow-iso-tank-kontenery-007.webp\",\"contentUrl\":\"https:\/\/rmctank.com\/wp-content\/uploads\/2023\/01\/rmc-tank-wynajem-kontenerow-iso-tank-kontenery-007.webp\"},{\"@type\":\"BreadcrumbList\",\"@id\":\"https:\/\/rmctank.com\/cs\/iso-cisternove-kontejnery\/#breadcrumb\",\"itemListElement\":[{\"@type\":\"ListItem\",\"position\":1,\"name\":\"Strona g\u0142\u00f3wna\",\"item\":\"https:\/\/rmctank.com\/cs\/\"},{\"@type\":\"ListItem\",\"position\":2,\"name\":\"ISO CISTERNOV\u00c9 KONTEJNERY\"}]},{\"@type\":\"WebSite\",\"@id\":\"https:\/\/rmctank.com\/cs\/#website\",\"url\":\"https:\/\/rmctank.com\/cs\/\",\"name\":\"RMC Tank\",\"description\":\"RMC Tank Kontenery - Najlepszy partner w wynajmie tank kontener&oacute;w\",\"publisher\":{\"@id\":\"https:\/\/rmctank.com\/cs\/#organization\"},\"potentialAction\":[{\"@type\":\"SearchAction\",\"target\":{\"@type\":\"EntryPoint\",\"urlTemplate\":\"https:\/\/rmctank.com\/cs\/?s={search_term_string}\"},\"query-input\":{\"@type\":\"PropertyValueSpecification\",\"valueRequired\":true,\"valueName\":\"search_term_string\"}}],\"inLanguage\":\"cs\"},{\"@type\":\"Organization\",\"@id\":\"https:\/\/rmctank.com\/cs\/#organization\",\"name\":\"RMC Tank\",\"url\":\"https:\/\/rmctank.com\/cs\/\",\"logo\":{\"@type\":\"ImageObject\",\"inLanguage\":\"cs\",\"@id\":\"https:\/\/rmctank.com\/cs\/#\/schema\/logo\/image\/\",\"url\":\"https:\/\/rmctank.com\/\/wp-content\/uploads\/2020\/09\/favicon.png\",\"contentUrl\":\"https:\/\/rmctank.com\/\/wp-content\/uploads\/2020\/09\/favicon.png\",\"width\":512,\"height\":512,\"caption\":\"RMC Tank\"},\"image\":{\"@id\":\"https:\/\/rmctank.com\/cs\/#\/schema\/logo\/image\/\"}}]}<\/script>\n<!-- \/ Yoast SEO plugin. -->","yoast_head_json":{"title":"ISO CISTERNOV\u00c9 KONTEJNERY - RMC Tank","robots":{"index":"index","follow":"follow","max-snippet":"max-snippet:-1","max-image-preview":"max-image-preview:large","max-video-preview":"max-video-preview:-1"},"canonical":"https:\/\/rmctank.com\/cs\/iso-cisternove-kontejnery\/","og_locale":"cs_CZ","og_type":"article","og_title":"ISO CISTERNOV\u00c9 KONTEJNERY - RMC Tank","og_url":"https:\/\/rmctank.com\/cs\/iso-cisternove-kontejnery\/","og_site_name":"RMC Tank","article_modified_time":"2024-06-04T12:23:20+00:00","og_image":[{"url":"https:\/\/rmctank.com\/wp-content\/uploads\/2023\/01\/rmc-tank-wynajem-kontenerow-iso-tank-kontenery-007.webp","type":"","width":"","height":""}],"twitter_card":"summary_large_image","twitter_misc":{"Odhadovan\u00e1 doba \u010dten\u00ed":"1 minuta"},"schema":{"@context":"https:\/\/schema.org","@graph":[{"@type":"WebPage","@id":"https:\/\/rmctank.com\/cs\/iso-cisternove-kontejnery\/","url":"https:\/\/rmctank.com\/cs\/iso-cisternove-kontejnery\/","name":"ISO CISTERNOV\u00c9 KONTEJNERY - RMC Tank","isPartOf":{"@id":"https:\/\/rmctank.com\/cs\/#website"},"primaryImageOfPage":{"@id":"https:\/\/rmctank.com\/cs\/iso-cisternove-kontejnery\/#primaryimage"},"image":{"@id":"https:\/\/rmctank.com\/cs\/iso-cisternove-kontejnery\/#primaryimage"},"thumbnailUrl":"https:\/\/rmctank.com\/wp-content\/uploads\/2023\/01\/rmc-tank-wynajem-kontenerow-iso-tank-kontenery-007.webp","datePublished":"2020-10-08T10:14:38+00:00","dateModified":"2024-06-04T12:23:20+00:00","breadcrumb":{"@id":"https:\/\/rmctank.com\/cs\/iso-cisternove-kontejnery\/#breadcrumb"},"inLanguage":"cs","potentialAction":[{"@type":"ReadAction","target":["https:\/\/rmctank.com\/cs\/iso-cisternove-kontejnery\/"]}]},{"@type":"ImageObject","inLanguage":"cs","@id":"https:\/\/rmctank.com\/cs\/iso-cisternove-kontejnery\/#primaryimage","url":"https:\/\/rmctank.com\/wp-content\/uploads\/2023\/01\/rmc-tank-wynajem-kontenerow-iso-tank-kontenery-007.webp","contentUrl":"https:\/\/rmctank.com\/wp-content\/uploads\/2023\/01\/rmc-tank-wynajem-kontenerow-iso-tank-kontenery-007.webp"},{"@type":"BreadcrumbList","@id":"https:\/\/rmctank.com\/cs\/iso-cisternove-kontejnery\/#breadcrumb","itemListElement":[{"@type":"ListItem","position":1,"name":"Strona g\u0142\u00f3wna","item":"https:\/\/rmctank.com\/cs\/"},{"@type":"ListItem","position":2,"name":"ISO CISTERNOV\u00c9 KONTEJNERY"}]},{"@type":"WebSite","@id":"https:\/\/rmctank.com\/cs\/#website","url":"https:\/\/rmctank.com\/cs\/","name":"RMC Tank","description":"RMC Tank Kontenery - Najlepszy partner w wynajmie tank kontener&oacute;w","publisher":{"@id":"https:\/\/rmctank.com\/cs\/#organization"},"potentialAction":[{"@type":"SearchAction","target":{"@type":"EntryPoint","urlTemplate":"https:\/\/rmctank.com\/cs\/?s={search_term_string}"},"query-input":{"@type":"PropertyValueSpecification","valueRequired":true,"valueName":"search_term_string"}}],"inLanguage":"cs"},{"@type":"Organization","@id":"https:\/\/rmctank.com\/cs\/#organization","name":"RMC Tank","url":"https:\/\/rmctank.com\/cs\/","logo":{"@type":"ImageObject","inLanguage":"cs","@id":"https:\/\/rmctank.com\/cs\/#\/schema\/logo\/image\/","url":"https:\/\/rmctank.com\/\/wp-content\/uploads\/2020\/09\/favicon.png","contentUrl":"https:\/\/rmctank.com\/\/wp-content\/uploads\/2020\/09\/favicon.png","width":512,"height":512,"caption":"RMC Tank"},"image":{"@id":"https:\/\/rmctank.com\/cs\/#\/schema\/logo\/image\/"}}]}},"_links":{"self":[{"href":"https:\/\/rmctank.com\/cs\/wp-json\/wp\/v2\/pages\/402","targetHints":{"allow":["GET"]}}],"collection":[{"href":"https:\/\/rmctank.com\/cs\/wp-json\/wp\/v2\/pages"}],"about":[{"href":"https:\/\/rmctank.com\/cs\/wp-json\/wp\/v2\/types\/page"}],"author":[{"embeddable":true,"href":"https:\/\/rmctank.com\/cs\/wp-json\/wp\/v2\/users\/1"}],"replies":[{"embeddable":true,"href":"https:\/\/rmctank.com\/cs\/wp-json\/wp\/v2\/comments?post=402"}],"version-history":[{"count":4,"href":"https:\/\/rmctank.com\/cs\/wp-json\/wp\/v2\/pages\/402\/revisions"}],"predecessor-version":[{"id":481,"href":"https:\/\/rmctank.com\/cs\/wp-json\/wp\/v2\/pages\/402\/revisions\/481"}],"wp:attachment":[{"href":"https:\/\/rmctank.com\/cs\/wp-json\/wp\/v2\/media?parent=402"}],"curies":[{"name":"wp","href":"https:\/\/api.w.org\/{rel}","templated":true}]}}