{"id":394,"date":"2020-09-15T12:23:31","date_gmt":"2020-09-15T12:23:31","guid":{"rendered":"https:\/\/rmctank.testowy.bialystok.pl\/o-nas\/"},"modified":"2024-06-04T12:22:58","modified_gmt":"2024-06-04T12:22:58","slug":"o-nas","status":"publish","type":"page","link":"https:\/\/rmctank.com\/cs\/o-nas\/","title":{"rendered":"O n\u00e1s"},"content":{"rendered":"<div class=\"su-row\">\n<div class=\"su-column su-column-size-1-2\"><div class=\"su-column-inner su-u-clearfix su-u-trim\">\n<div style=\"padding-left: 20px; border-left: solid 50px #cd363d; margin-bottom: 25px;\">RMC Tank je profesion\u00e1ln\u00ed spole\u010dnost nab\u00edzej\u00edc\u00ed pron\u00e1jem a servis cisternov\u00fdch kontejner\u016f, n\u00e1v\u011bs\u016f a d\u00edl\u016f pro ISO cisternov\u00e9 kontejnery. P\u016fsob\u00edme po cel\u00e9 Evrop\u011b.<\/div>\n<p>D\u00edky dlouholet\u00fdm zku\u0161enostem v oboru nab\u00edz\u00edme nejvy\u0161\u0161\u00ed kvalitu slu\u017eeb, optim\u00e1ln\u00ed v\u00fdb\u011br \u0159e\u0161en\u00ed a rychlou dostupnost cisternov\u00fdch kontejner\u016f. Uv\u011bdomujeme si, jak d\u016fle\u017eit\u00fd je \u010das, p\u0159ipravujeme cenovou nab\u00eddku a informujeme v\u00e1s o dostupnosti kontejner\u016f co nejd\u0159\u00edve. Vyb\u00edr\u00e1me \u0159e\u0161en\u00ed na m\u00edru ka\u017ed\u00e9mu z\u00e1kazn\u00edkovi a jeho pot\u0159eb\u00e1m se zam\u011b\u0159en\u00edm na efektivitu n\u00e1klad\u016f, bezpe\u010dnost lid\u00ed a ochranu \u017eivotn\u00edho prost\u0159ed\u00ed. D\u00edky rozs\u00e1hl\u00fdm znalostem a zku\u0161enostem t\u00fdm odborn\u00edk\u016f pom\u00e1h\u00e1 p\u0159i v\u00fdb\u011bru nejlep\u0161\u00edho \u0159e\u0161en\u00ed pro dan\u00fd projekt.<br \/>\n<\/div><\/div>\n<div class=\"su-column su-column-size-1-2\"><div class=\"su-column-inner su-u-clearfix su-u-trim\"><img loading=\"lazy\" decoding=\"async\" width=\"1200\" height=\"600\" class=\"alignnone size-full wp-image-198 img-fluid \" src=\"https:\/\/rmctank.com\/wp-content\/uploads\/2023\/01\/rmc-tank-wynajem-kontenerow-009-002.webp\" alt=\"RMC TANK - Pron\u00e1jem cisternov\u00fdch kontejner\u016f\" srcset=\"https:\/\/rmctank.com\/wp-content\/uploads\/2023\/01\/rmc-tank-wynajem-kontenerow-009-002.webp 1200w, https:\/\/rmctank.com\/wp-content\/uploads\/2023\/01\/rmc-tank-wynajem-kontenerow-009-002-300x150.webp 300w, https:\/\/rmctank.com\/wp-content\/uploads\/2023\/01\/rmc-tank-wynajem-kontenerow-009-002-1024x512.webp 1024w, https:\/\/rmctank.com\/wp-content\/uploads\/2023\/01\/rmc-tank-wynajem-kontenerow-009-002-768x384.webp 768w\" sizes=\"auto, (max-width: 1200px) 100vw, 1200px\" \/><\/div><\/div>\n<\/div>\n<div class=\"su-spacer\" style=\"height:20px\"><\/div>\n<div class=\"row\" style=\"background: #f4f4f4; padding: 30px; margin: 0;\">Abychom splnili o\u010dek\u00e1v\u00e1n\u00ed na\u0161ich z\u00e1kazn\u00edk\u016f, poskytujeme komplexn\u00ed slu\u017eby. Nab\u00eddku jsme roz\u0161\u00ed\u0159ili o pron\u00e1jem n\u00e1v\u011bs\u016f pro cisternov\u00e9 kontejnery a prodej provozn\u00edch d\u00edl\u016f pro ISO cisternov\u00e9 kontejnery. S modern\u00edm vybaven\u00edm poskytujeme efektivn\u00ed pron\u00e1jem, rychlou realizaci a spolehlivost.<\/div>\n<div class=\"su-spacer\" style=\"height:20px\"><\/div>\n<h4 style=\"text-align: center;\">V\u00fdb\u011brem RMC Tank z\u00edsk\u00e1te kvalitu, bezpe\u010dnost a \u00fazkou spolupr\u00e1ci v ka\u017ed\u00e9 f\u00e1zi.<\/h4>\n","protected":false},"excerpt":{"rendered":"<p>Abychom splnili o\u010dek\u00e1v\u00e1n\u00ed na\u0161ich z\u00e1kazn\u00edk\u016f, poskytujeme komplexn\u00ed slu\u017eby. Nab\u00eddku jsme roz\u0161\u00ed\u0159ili o pron\u00e1jem n\u00e1v\u011bs\u016f pro cisternov\u00e9 kontejnery a prodej provozn\u00edch d\u00edl\u016f pro ISO cisternov\u00e9 kontejnery. S modern\u00edm vybaven\u00edm poskytujeme efektivn\u00ed pron\u00e1jem, rychlou realizaci a spolehlivost. V\u00fdb\u011brem RMC Tank z\u00edsk\u00e1te kvalitu, bezpe\u010dnost a \u00fazkou spolupr\u00e1ci v ka\u017ed\u00e9 f\u00e1zi.<\/p>\n","protected":false},"author":1,"featured_media":0,"parent":0,"menu_order":0,"comment_status":"closed","ping_status":"closed","template":"","meta":{"footnotes":""},"class_list":["post-394","page","type-page","status-publish","hentry"],"yoast_head":"<!-- This site is optimized with the Yoast SEO plugin v24.4 - https:\/\/yoast.com\/wordpress\/plugins\/seo\/ -->\n<title>O n\u00e1s - RMC Tank<\/title>\n<meta name=\"robots\" content=\"index, follow, max-snippet:-1, max-image-preview:large, max-video-preview:-1\" \/>\n<link rel=\"canonical\" href=\"https:\/\/rmctank.com\/cs\/o-nas\/\" \/>\n<meta property=\"og:locale\" content=\"cs_CZ\" \/>\n<meta property=\"og:type\" content=\"article\" \/>\n<meta property=\"og:title\" content=\"O n\u00e1s - RMC Tank\" \/>\n<meta property=\"og:description\" content=\"Abychom splnili o\u010dek\u00e1v\u00e1n\u00ed na\u0161ich z\u00e1kazn\u00edk\u016f, poskytujeme komplexn\u00ed slu\u017eby. Nab\u00eddku jsme roz\u0161\u00ed\u0159ili o pron\u00e1jem n\u00e1v\u011bs\u016f pro cisternov\u00e9 kontejnery a prodej provozn\u00edch d\u00edl\u016f pro ISO cisternov\u00e9 kontejnery. S modern\u00edm vybaven\u00edm poskytujeme efektivn\u00ed pron\u00e1jem, rychlou realizaci a spolehlivost. V\u00fdb\u011brem RMC Tank z\u00edsk\u00e1te kvalitu, bezpe\u010dnost a \u00fazkou spolupr\u00e1ci v ka\u017ed\u00e9 f\u00e1zi.\" \/>\n<meta property=\"og:url\" content=\"https:\/\/rmctank.com\/cs\/o-nas\/\" \/>\n<meta property=\"og:site_name\" content=\"RMC Tank\" \/>\n<meta property=\"article:modified_time\" content=\"2024-06-04T12:22:58+00:00\" \/>\n<meta property=\"og:image\" content=\"https:\/\/rmctank.com\/wp-content\/uploads\/2023\/01\/rmc-tank-wynajem-kontenerow-009-002.webp\" \/>\n<meta name=\"twitter:card\" content=\"summary_large_image\" \/>\n<meta name=\"twitter:label1\" content=\"Odhadovan\u00e1 doba \u010dten\u00ed\" \/>\n\t<meta name=\"twitter:data1\" content=\"2 minuty\" \/>\n<script type=\"application\/ld+json\" class=\"yoast-schema-graph\">{\"@context\":\"https:\/\/schema.org\",\"@graph\":[{\"@type\":\"WebPage\",\"@id\":\"https:\/\/rmctank.com\/cs\/o-nas\/\",\"url\":\"https:\/\/rmctank.com\/cs\/o-nas\/\",\"name\":\"O n\u00e1s - RMC Tank\",\"isPartOf\":{\"@id\":\"https:\/\/rmctank.com\/cs\/#website\"},\"primaryImageOfPage\":{\"@id\":\"https:\/\/rmctank.com\/cs\/o-nas\/#primaryimage\"},\"image\":{\"@id\":\"https:\/\/rmctank.com\/cs\/o-nas\/#primaryimage\"},\"thumbnailUrl\":\"https:\/\/rmctank.com\/wp-content\/uploads\/2023\/01\/rmc-tank-wynajem-kontenerow-009-002.webp\",\"datePublished\":\"2020-09-15T12:23:31+00:00\",\"dateModified\":\"2024-06-04T12:22:58+00:00\",\"breadcrumb\":{\"@id\":\"https:\/\/rmctank.com\/cs\/o-nas\/#breadcrumb\"},\"inLanguage\":\"cs\",\"potentialAction\":[{\"@type\":\"ReadAction\",\"target\":[\"https:\/\/rmctank.com\/cs\/o-nas\/\"]}]},{\"@type\":\"ImageObject\",\"inLanguage\":\"cs\",\"@id\":\"https:\/\/rmctank.com\/cs\/o-nas\/#primaryimage\",\"url\":\"https:\/\/rmctank.com\/wp-content\/uploads\/2023\/01\/rmc-tank-wynajem-kontenerow-009-002.webp\",\"contentUrl\":\"https:\/\/rmctank.com\/wp-content\/uploads\/2023\/01\/rmc-tank-wynajem-kontenerow-009-002.webp\"},{\"@type\":\"BreadcrumbList\",\"@id\":\"https:\/\/rmctank.com\/cs\/o-nas\/#breadcrumb\",\"itemListElement\":[{\"@type\":\"ListItem\",\"position\":1,\"name\":\"Strona g\u0142\u00f3wna\",\"item\":\"https:\/\/rmctank.com\/cs\/\"},{\"@type\":\"ListItem\",\"position\":2,\"name\":\"O n\u00e1s\"}]},{\"@type\":\"WebSite\",\"@id\":\"https:\/\/rmctank.com\/cs\/#website\",\"url\":\"https:\/\/rmctank.com\/cs\/\",\"name\":\"RMC Tank\",\"description\":\"RMC Tank Kontenery - Najlepszy partner w wynajmie tank kontener&oacute;w\",\"publisher\":{\"@id\":\"https:\/\/rmctank.com\/cs\/#organization\"},\"potentialAction\":[{\"@type\":\"SearchAction\",\"target\":{\"@type\":\"EntryPoint\",\"urlTemplate\":\"https:\/\/rmctank.com\/cs\/?s={search_term_string}\"},\"query-input\":{\"@type\":\"PropertyValueSpecification\",\"valueRequired\":true,\"valueName\":\"search_term_string\"}}],\"inLanguage\":\"cs\"},{\"@type\":\"Organization\",\"@id\":\"https:\/\/rmctank.com\/cs\/#organization\",\"name\":\"RMC Tank\",\"url\":\"https:\/\/rmctank.com\/cs\/\",\"logo\":{\"@type\":\"ImageObject\",\"inLanguage\":\"cs\",\"@id\":\"https:\/\/rmctank.com\/cs\/#\/schema\/logo\/image\/\",\"url\":\"https:\/\/rmctank.com\/\/wp-content\/uploads\/2020\/09\/favicon.png\",\"contentUrl\":\"https:\/\/rmctank.com\/\/wp-content\/uploads\/2020\/09\/favicon.png\",\"width\":512,\"height\":512,\"caption\":\"RMC Tank\"},\"image\":{\"@id\":\"https:\/\/rmctank.com\/cs\/#\/schema\/logo\/image\/\"}}]}<\/script>\n<!-- \/ Yoast SEO plugin. -->","yoast_head_json":{"title":"O n\u00e1s - RMC Tank","robots":{"index":"index","follow":"follow","max-snippet":"max-snippet:-1","max-image-preview":"max-image-preview:large","max-video-preview":"max-video-preview:-1"},"canonical":"https:\/\/rmctank.com\/cs\/o-nas\/","og_locale":"cs_CZ","og_type":"article","og_title":"O n\u00e1s - RMC Tank","og_description":"Abychom splnili o\u010dek\u00e1v\u00e1n\u00ed na\u0161ich z\u00e1kazn\u00edk\u016f, poskytujeme komplexn\u00ed slu\u017eby. Nab\u00eddku jsme roz\u0161\u00ed\u0159ili o pron\u00e1jem n\u00e1v\u011bs\u016f pro cisternov\u00e9 kontejnery a prodej provozn\u00edch d\u00edl\u016f pro ISO cisternov\u00e9 kontejnery. S modern\u00edm vybaven\u00edm poskytujeme efektivn\u00ed pron\u00e1jem, rychlou realizaci a spolehlivost. V\u00fdb\u011brem RMC Tank z\u00edsk\u00e1te kvalitu, bezpe\u010dnost a \u00fazkou spolupr\u00e1ci v ka\u017ed\u00e9 f\u00e1zi.","og_url":"https:\/\/rmctank.com\/cs\/o-nas\/","og_site_name":"RMC Tank","article_modified_time":"2024-06-04T12:22:58+00:00","og_image":[{"url":"https:\/\/rmctank.com\/wp-content\/uploads\/2023\/01\/rmc-tank-wynajem-kontenerow-009-002.webp","type":"","width":"","height":""}],"twitter_card":"summary_large_image","twitter_misc":{"Odhadovan\u00e1 doba \u010dten\u00ed":"2 minuty"},"schema":{"@context":"https:\/\/schema.org","@graph":[{"@type":"WebPage","@id":"https:\/\/rmctank.com\/cs\/o-nas\/","url":"https:\/\/rmctank.com\/cs\/o-nas\/","name":"O n\u00e1s - RMC Tank","isPartOf":{"@id":"https:\/\/rmctank.com\/cs\/#website"},"primaryImageOfPage":{"@id":"https:\/\/rmctank.com\/cs\/o-nas\/#primaryimage"},"image":{"@id":"https:\/\/rmctank.com\/cs\/o-nas\/#primaryimage"},"thumbnailUrl":"https:\/\/rmctank.com\/wp-content\/uploads\/2023\/01\/rmc-tank-wynajem-kontenerow-009-002.webp","datePublished":"2020-09-15T12:23:31+00:00","dateModified":"2024-06-04T12:22:58+00:00","breadcrumb":{"@id":"https:\/\/rmctank.com\/cs\/o-nas\/#breadcrumb"},"inLanguage":"cs","potentialAction":[{"@type":"ReadAction","target":["https:\/\/rmctank.com\/cs\/o-nas\/"]}]},{"@type":"ImageObject","inLanguage":"cs","@id":"https:\/\/rmctank.com\/cs\/o-nas\/#primaryimage","url":"https:\/\/rmctank.com\/wp-content\/uploads\/2023\/01\/rmc-tank-wynajem-kontenerow-009-002.webp","contentUrl":"https:\/\/rmctank.com\/wp-content\/uploads\/2023\/01\/rmc-tank-wynajem-kontenerow-009-002.webp"},{"@type":"BreadcrumbList","@id":"https:\/\/rmctank.com\/cs\/o-nas\/#breadcrumb","itemListElement":[{"@type":"ListItem","position":1,"name":"Strona g\u0142\u00f3wna","item":"https:\/\/rmctank.com\/cs\/"},{"@type":"ListItem","position":2,"name":"O n\u00e1s"}]},{"@type":"WebSite","@id":"https:\/\/rmctank.com\/cs\/#website","url":"https:\/\/rmctank.com\/cs\/","name":"RMC Tank","description":"RMC Tank Kontenery - Najlepszy partner w wynajmie tank kontener&oacute;w","publisher":{"@id":"https:\/\/rmctank.com\/cs\/#organization"},"potentialAction":[{"@type":"SearchAction","target":{"@type":"EntryPoint","urlTemplate":"https:\/\/rmctank.com\/cs\/?s={search_term_string}"},"query-input":{"@type":"PropertyValueSpecification","valueRequired":true,"valueName":"search_term_string"}}],"inLanguage":"cs"},{"@type":"Organization","@id":"https:\/\/rmctank.com\/cs\/#organization","name":"RMC Tank","url":"https:\/\/rmctank.com\/cs\/","logo":{"@type":"ImageObject","inLanguage":"cs","@id":"https:\/\/rmctank.com\/cs\/#\/schema\/logo\/image\/","url":"https:\/\/rmctank.com\/\/wp-content\/uploads\/2020\/09\/favicon.png","contentUrl":"https:\/\/rmctank.com\/\/wp-content\/uploads\/2020\/09\/favicon.png","width":512,"height":512,"caption":"RMC Tank"},"image":{"@id":"https:\/\/rmctank.com\/cs\/#\/schema\/logo\/image\/"}}]}},"_links":{"self":[{"href":"https:\/\/rmctank.com\/cs\/wp-json\/wp\/v2\/pages\/394","targetHints":{"allow":["GET"]}}],"collection":[{"href":"https:\/\/rmctank.com\/cs\/wp-json\/wp\/v2\/pages"}],"about":[{"href":"https:\/\/rmctank.com\/cs\/wp-json\/wp\/v2\/types\/page"}],"author":[{"embeddable":true,"href":"https:\/\/rmctank.com\/cs\/wp-json\/wp\/v2\/users\/1"}],"replies":[{"embeddable":true,"href":"https:\/\/rmctank.com\/cs\/wp-json\/wp\/v2\/comments?post=394"}],"version-history":[{"count":3,"href":"https:\/\/rmctank.com\/cs\/wp-json\/wp\/v2\/pages\/394\/revisions"}],"predecessor-version":[{"id":480,"href":"https:\/\/rmctank.com\/cs\/wp-json\/wp\/v2\/pages\/394\/revisions\/480"}],"wp:attachment":[{"href":"https:\/\/rmctank.com\/cs\/wp-json\/wp\/v2\/media?parent=394"}],"curies":[{"name":"wp","href":"https:\/\/api.w.org\/{rel}","templated":true}]}}